{"id":4022,"date":"2022-09-08T14:17:44","date_gmt":"2022-09-08T12:17:44","guid":{"rendered":"https:\/\/konfigurator.krichbaumer.co.at\/?page_id=4022"},"modified":"2025-07-09T17:09:25","modified_gmt":"2025-07-09T15:09:25","slug":"dealer-platform","status":"publish","type":"page","link":"https:\/\/konfigurator.krichbaumer.co.at\/en\/service\/dealer-platform\/","title":{"rendered":"Dealer platform"},"content":{"rendered":"<div class=\"swpm-post-not-logged-in-msg\">You need to be logged in to view this content. Please <a class=\"swpm-login-link\" href=\"https:\/\/www.bulmor.com\/service\/login\/\">Log In<\/a>. Not a Member? <a href=\"https:\/\/www.bulmor.com\/service\/haendler-plattform\/\">Join Us<\/a><\/div>","protected":false},"excerpt":{"rendered":"<p>Dealer platform Marketing\u00admaterial Price Configurator For creating quotes, etc.Downloadbereich f\u00fcr Bulmor Marketing (Logos, Einsatzbilder, Videos, Datenbl\u00e4tter uvm.)F\u00fcr weitere Fragen im BereichMarketing wenden Sie sich bitte an:Lina BindoniHead of Marketing P: +43 664 9150535E:\u00a0l.bindoni@bulmor.comCornelia RumetshoferMarketing P: +43 7262 58397 0E: c.rumetshofer@bulmor.comZertifikate Wartungsnachweise Seitenstapler Diesel Seitenstapler Elektro Seitenstapler Gas Seitenstapler Diesel 854 Mehrwege Seitenstapler Gel\u00e4ndestapler\u00a0 Q160-180 \u00dcbergabebericht [&hellip;]<\/p>\n","protected":false},"author":5,"featured_media":0,"parent":1939,"menu_order":0,"comment_status":"closed","ping_status":"closed","template":"","meta":{"_acf_changed":false,"_et_pb_use_builder":"on","_et_pb_old_content":"","_et_gb_content_width":"","inline_featured_image":false,"footnotes":""},"class_list":["post-4022","page","type-page","status-publish","hentry"],"acf":[],"yoast_head":"<!-- This site is optimized with the Yoast SEO plugin v25.4 - https:\/\/yoast.com\/wordpress\/plugins\/seo\/ -->\n<title>Dealer platform - Bulmor industries GmbH<\/title>\n<meta name=\"robots\" content=\"index, follow, max-snippet:-1, max-image-preview:large, max-video-preview:-1\" \/>\n<link rel=\"canonical\" href=\"https:\/\/konfigurator.krichbaumer.co.at\/en\/service\/dealer-platform\/\" \/>\n<meta property=\"og:locale\" content=\"en_US\" \/>\n<meta property=\"og:type\" content=\"article\" \/>\n<meta property=\"og:title\" content=\"Dealer platform - Bulmor industries GmbH\" \/>\n<meta property=\"og:description\" content=\"Dealer platform Marketing\u00admaterial Price Configurator For creating quotes, etc.Downloadbereich f\u00fcr Bulmor Marketing (Logos, Einsatzbilder, Videos, Datenbl\u00e4tter uvm.)F\u00fcr weitere Fragen im BereichMarketing wenden Sie sich bitte an:Lina BindoniHead of Marketing P: +43 664 9150535E:\u00a0l.bindoni@bulmor.comCornelia RumetshoferMarketing P: +43 7262 58397 0E: c.rumetshofer@bulmor.comZertifikate Wartungsnachweise Seitenstapler Diesel Seitenstapler Elektro Seitenstapler Gas Seitenstapler Diesel 854 Mehrwege Seitenstapler Gel\u00e4ndestapler\u00a0 Q160-180 \u00dcbergabebericht [&hellip;]\" \/>\n<meta property=\"og:url\" content=\"https:\/\/konfigurator.krichbaumer.co.at\/en\/service\/dealer-platform\/\" \/>\n<meta property=\"og:site_name\" content=\"Bulmor industries GmbH\" \/>\n<meta property=\"article:publisher\" content=\"https:\/\/www.facebook.com\/bulmorseitenstapler\/\" \/>\n<meta property=\"article:modified_time\" content=\"2025-07-09T15:09:25+00:00\" \/>\n<meta name=\"twitter:card\" content=\"summary_large_image\" \/>\n<meta name=\"twitter:label1\" content=\"Est. reading time\" \/>\n\t<meta name=\"twitter:data1\" content=\"1 minute\" \/>\n<script type=\"application\/ld+json\" class=\"yoast-schema-graph\">{\"@context\":\"https:\/\/schema.org\",\"@graph\":[{\"@type\":\"WebPage\",\"@id\":\"https:\/\/konfigurator.krichbaumer.co.at\/en\/service\/dealer-platform\/\",\"url\":\"https:\/\/konfigurator.krichbaumer.co.at\/en\/service\/dealer-platform\/\",\"name\":\"Dealer platform - Bulmor industries GmbH\",\"isPartOf\":{\"@id\":\"https:\/\/konfigurator.krichbaumer.co.at\/en\/#website\"},\"datePublished\":\"2022-09-08T12:17:44+00:00\",\"dateModified\":\"2025-07-09T15:09:25+00:00\",\"breadcrumb\":{\"@id\":\"https:\/\/konfigurator.krichbaumer.co.at\/en\/service\/dealer-platform\/#breadcrumb\"},\"inLanguage\":\"en-US\",\"potentialAction\":[{\"@type\":\"ReadAction\",\"target\":[\"https:\/\/konfigurator.krichbaumer.co.at\/en\/service\/dealer-platform\/\"]}]},{\"@type\":\"BreadcrumbList\",\"@id\":\"https:\/\/konfigurator.krichbaumer.co.at\/en\/service\/dealer-platform\/#breadcrumb\",\"itemListElement\":[{\"@type\":\"ListItem\",\"position\":1,\"name\":\"Startseite\",\"item\":\"https:\/\/konfigurator.krichbaumer.co.at\/en\/\"},{\"@type\":\"ListItem\",\"position\":2,\"name\":\"Service\",\"item\":\"https:\/\/konfigurator.krichbaumer.co.at\/en\/service\/\"},{\"@type\":\"ListItem\",\"position\":3,\"name\":\"Dealer platform\"}]},{\"@type\":\"WebSite\",\"@id\":\"https:\/\/konfigurator.krichbaumer.co.at\/en\/#website\",\"url\":\"https:\/\/konfigurator.krichbaumer.co.at\/en\/\",\"name\":\"Bulmor industries GmbH\",\"description\":\"\",\"publisher\":{\"@id\":\"https:\/\/konfigurator.krichbaumer.co.at\/en\/#organization\"},\"potentialAction\":[{\"@type\":\"SearchAction\",\"target\":{\"@type\":\"EntryPoint\",\"urlTemplate\":\"https:\/\/konfigurator.krichbaumer.co.at\/en\/?s={search_term_string}\"},\"query-input\":{\"@type\":\"PropertyValueSpecification\",\"valueRequired\":true,\"valueName\":\"search_term_string\"}}],\"inLanguage\":\"en-US\"},{\"@type\":\"Organization\",\"@id\":\"https:\/\/konfigurator.krichbaumer.co.at\/en\/#organization\",\"name\":\"Bulmor industries GmbH\",\"url\":\"https:\/\/konfigurator.krichbaumer.co.at\/en\/\",\"logo\":{\"@type\":\"ImageObject\",\"inLanguage\":\"en-US\",\"@id\":\"https:\/\/konfigurator.krichbaumer.co.at\/en\/#\/schema\/logo\/image\/\",\"url\":\"https:\/\/www.bulmor.com\/wp-content\/uploads\/2023\/02\/logo.png\",\"contentUrl\":\"https:\/\/www.bulmor.com\/wp-content\/uploads\/2023\/02\/logo.png\",\"width\":416,\"height\":98,\"caption\":\"Bulmor industries GmbH\"},\"image\":{\"@id\":\"https:\/\/konfigurator.krichbaumer.co.at\/en\/#\/schema\/logo\/image\/\"},\"sameAs\":[\"https:\/\/www.facebook.com\/bulmorseitenstapler\/\",\"https:\/\/www.linkedin.com\/company\/bulmor-industries-gmbh\/mycompany\/\",\"https:\/\/www.youtube.com\/channel\/UCefJ8LLmx7rUk3zc4NnGYAQ\"]}]}<\/script>\n<!-- \/ Yoast SEO plugin. -->","yoast_head_json":{"title":"Dealer platform - Bulmor industries GmbH","robots":{"index":"index","follow":"follow","max-snippet":"max-snippet:-1","max-image-preview":"max-image-preview:large","max-video-preview":"max-video-preview:-1"},"canonical":"https:\/\/konfigurator.krichbaumer.co.at\/en\/service\/dealer-platform\/","og_locale":"en_US","og_type":"article","og_title":"Dealer platform - Bulmor industries GmbH","og_description":"Dealer platform Marketing\u00admaterial Price Configurator For creating quotes, etc.Downloadbereich f\u00fcr Bulmor Marketing (Logos, Einsatzbilder, Videos, Datenbl\u00e4tter uvm.)F\u00fcr weitere Fragen im BereichMarketing wenden Sie sich bitte an:Lina BindoniHead of Marketing P: +43 664 9150535E:\u00a0l.bindoni@bulmor.comCornelia RumetshoferMarketing P: +43 7262 58397 0E: c.rumetshofer@bulmor.comZertifikate Wartungsnachweise Seitenstapler Diesel Seitenstapler Elektro Seitenstapler Gas Seitenstapler Diesel 854 Mehrwege Seitenstapler Gel\u00e4ndestapler\u00a0 Q160-180 \u00dcbergabebericht [&hellip;]","og_url":"https:\/\/konfigurator.krichbaumer.co.at\/en\/service\/dealer-platform\/","og_site_name":"Bulmor industries GmbH","article_publisher":"https:\/\/www.facebook.com\/bulmorseitenstapler\/","article_modified_time":"2025-07-09T15:09:25+00:00","twitter_card":"summary_large_image","twitter_misc":{"Est. reading time":"1 minute"},"schema":{"@context":"https:\/\/schema.org","@graph":[{"@type":"WebPage","@id":"https:\/\/konfigurator.krichbaumer.co.at\/en\/service\/dealer-platform\/","url":"https:\/\/konfigurator.krichbaumer.co.at\/en\/service\/dealer-platform\/","name":"Dealer platform - Bulmor industries GmbH","isPartOf":{"@id":"https:\/\/konfigurator.krichbaumer.co.at\/en\/#website"},"datePublished":"2022-09-08T12:17:44+00:00","dateModified":"2025-07-09T15:09:25+00:00","breadcrumb":{"@id":"https:\/\/konfigurator.krichbaumer.co.at\/en\/service\/dealer-platform\/#breadcrumb"},"inLanguage":"en-US","potentialAction":[{"@type":"ReadAction","target":["https:\/\/konfigurator.krichbaumer.co.at\/en\/service\/dealer-platform\/"]}]},{"@type":"BreadcrumbList","@id":"https:\/\/konfigurator.krichbaumer.co.at\/en\/service\/dealer-platform\/#breadcrumb","itemListElement":[{"@type":"ListItem","position":1,"name":"Startseite","item":"https:\/\/konfigurator.krichbaumer.co.at\/en\/"},{"@type":"ListItem","position":2,"name":"Service","item":"https:\/\/konfigurator.krichbaumer.co.at\/en\/service\/"},{"@type":"ListItem","position":3,"name":"Dealer platform"}]},{"@type":"WebSite","@id":"https:\/\/konfigurator.krichbaumer.co.at\/en\/#website","url":"https:\/\/konfigurator.krichbaumer.co.at\/en\/","name":"Bulmor industries GmbH","description":"","publisher":{"@id":"https:\/\/konfigurator.krichbaumer.co.at\/en\/#organization"},"potentialAction":[{"@type":"SearchAction","target":{"@type":"EntryPoint","urlTemplate":"https:\/\/konfigurator.krichbaumer.co.at\/en\/?s={search_term_string}"},"query-input":{"@type":"PropertyValueSpecification","valueRequired":true,"valueName":"search_term_string"}}],"inLanguage":"en-US"},{"@type":"Organization","@id":"https:\/\/konfigurator.krichbaumer.co.at\/en\/#organization","name":"Bulmor industries GmbH","url":"https:\/\/konfigurator.krichbaumer.co.at\/en\/","logo":{"@type":"ImageObject","inLanguage":"en-US","@id":"https:\/\/konfigurator.krichbaumer.co.at\/en\/#\/schema\/logo\/image\/","url":"https:\/\/www.bulmor.com\/wp-content\/uploads\/2023\/02\/logo.png","contentUrl":"https:\/\/www.bulmor.com\/wp-content\/uploads\/2023\/02\/logo.png","width":416,"height":98,"caption":"Bulmor industries GmbH"},"image":{"@id":"https:\/\/konfigurator.krichbaumer.co.at\/en\/#\/schema\/logo\/image\/"},"sameAs":["https:\/\/www.facebook.com\/bulmorseitenstapler\/","https:\/\/www.linkedin.com\/company\/bulmor-industries-gmbh\/mycompany\/","https:\/\/www.youtube.com\/channel\/UCefJ8LLmx7rUk3zc4NnGYAQ"]}]}},"_links":{"self":[{"href":"https:\/\/konfigurator.krichbaumer.co.at\/en\/wp-json\/wp\/v2\/pages\/4022","targetHints":{"allow":["GET"]}}],"collection":[{"href":"https:\/\/konfigurator.krichbaumer.co.at\/en\/wp-json\/wp\/v2\/pages"}],"about":[{"href":"https:\/\/konfigurator.krichbaumer.co.at\/en\/wp-json\/wp\/v2\/types\/page"}],"author":[{"embeddable":true,"href":"https:\/\/konfigurator.krichbaumer.co.at\/en\/wp-json\/wp\/v2\/users\/5"}],"replies":[{"embeddable":true,"href":"https:\/\/konfigurator.krichbaumer.co.at\/en\/wp-json\/wp\/v2\/comments?post=4022"}],"version-history":[{"count":9,"href":"https:\/\/konfigurator.krichbaumer.co.at\/en\/wp-json\/wp\/v2\/pages\/4022\/revisions"}],"predecessor-version":[{"id":5779,"href":"https:\/\/konfigurator.krichbaumer.co.at\/en\/wp-json\/wp\/v2\/pages\/4022\/revisions\/5779"}],"up":[{"embeddable":true,"href":"https:\/\/konfigurator.krichbaumer.co.at\/en\/wp-json\/wp\/v2\/pages\/1939"}],"wp:attachment":[{"href":"https:\/\/konfigurator.krichbaumer.co.at\/en\/wp-json\/wp\/v2\/media?parent=4022"}],"curies":[{"name":"wp","href":"https:\/\/api.w.org\/{rel}","templated":true}]}}