{"id":2267,"date":"2022-12-06T09:57:42","date_gmt":"2022-12-06T08:57:42","guid":{"rendered":"https:\/\/konfigurator.krichbaumer.co.at\/?page_id=2267"},"modified":"2023-10-12T13:30:31","modified_gmt":"2023-10-12T11:30:31","slug":"chariots-elevateurs-doccasion","status":"publish","type":"page","link":"https:\/\/konfigurator.krichbaumer.co.at\/fr\/produits\/chariots-elevateurs-doccasion\/","title":{"rendered":"Chariots \u00e9l\u00e9vateurs d&rsquo;occasion"},"content":{"rendered":"<p>[et_pb_section fb_built=\u00a0\u00bb1&Prime; module_class=\u00a0\u00bbwak-header-image\u00a0\u00bb _builder_version=\u00a0\u00bb4.19.0&Prime; _module_preset=\u00a0\u00bbdefault\u00a0\u00bb use_background_color_gradient=\u00a0\u00bbon\u00a0\u00bb background_color_gradient_stops=\u00a0\u00bbrgba(0,0,0,0.3) 0%|rgba(0,0,0,0.3) 100%\u00a0\u00bb background_color_gradient_overlays_image=\u00a0\u00bbon\u00a0\u00bb background_color_gradient_start=\u00a0\u00bbrgba(0,0,0,0.3)\u00a0\u00bb background_color_gradient_end=\u00a0\u00bbrgba(0,0,0,0.3)\u00a0\u00bb background_image=\u00a0\u00bbhttps:\/\/konfigurator.krichbaumer.co.at\/wp-content\/uploads\/2022\/12\/mietflotte.jpg\u00a0\u00bb background_enable_video_mp4=\u00a0\u00bboff\u00a0\u00bb min_height=\u00a0\u00bb100vh\u00a0\u00bb global_colors_info=\u00a0\u00bb{}\u00a0\u00bb][et_pb_row _builder_version=\u00a0\u00bb4.16&Prime; _module_preset=\u00a0\u00bbdefault\u00a0\u00bb global_colors_info=\u00a0\u00bb{}\u00a0\u00bb][et_pb_column type=\u00a0\u00bb4_4&Prime; _builder_version=\u00a0\u00bb4.16&Prime; _module_preset=\u00a0\u00bbdefault\u00a0\u00bb global_colors_info=\u00a0\u00bb{}\u00a0\u00bb][et_pb_text _builder_version=\u00a0\u00bb4.20.2&Prime; _module_preset=\u00a0\u00bbdefault\u00a0\u00bb header_font=\u00a0\u00bb|800||on|||||\u00a0\u00bb width=\u00a0\u00bb100%\u00a0\u00bb max_width=\u00a0\u00bb900px\u00a0\u00bb module_alignment=\u00a0\u00bbcenter\u00a0\u00bb animation_style=\u00a0\u00bbfade\u00a0\u00bb animation_duration=\u00a0\u00bb700ms\u00a0\u00bb animation_delay=\u00a0\u00bb700ms\u00a0\u00bb hover_enabled=\u00a0\u00bb0&Prime; global_colors_info=\u00a0\u00bb{}\u00a0\u00bb sticky_enabled=\u00a0\u00bb0&Prime;]<\/p>\n<h1>\u00a0APER\u00c7U DE NOS CHARIOTS D\u2019OCCASION<br \/>\n<\/h1>\n<p>[\/et_pb_text][\/et_pb_column][\/et_pb_row][\/et_pb_section][et_pb_section fb_built=\u00a0\u00bb1&Prime; module_id=\u00a0\u00bbhome-more\u00a0\u00bb _builder_version=\u00a0\u00bb4.20.2&Prime; _module_preset=\u00a0\u00bbdefault\u00a0\u00bb custom_padding=\u00a0\u00bb100px||0px||false|false\u00a0\u00bb global_colors_info=\u00a0\u00bb{}\u00a0\u00bb][et_pb_row _builder_version=\u00a0\u00bb4.16&Prime; _module_preset=\u00a0\u00bbdefault\u00a0\u00bb custom_margin=\u00a0\u00bb0px||0px||false|false\u00a0\u00bb animation_style=\u00a0\u00bbfade\u00a0\u00bb global_colors_info=\u00a0\u00bb{}\u00a0\u00bb][et_pb_column type=\u00a0\u00bb4_4&Prime; _builder_version=\u00a0\u00bb4.16&Prime; _module_preset=\u00a0\u00bbdefault\u00a0\u00bb global_colors_info=\u00a0\u00bb{}\u00a0\u00bb][et_pb_text _builder_version=\u00a0\u00bb4.20.2&Prime; _module_preset=\u00a0\u00bbdefault\u00a0\u00bb text_orientation=\u00a0\u00bbcenter\u00a0\u00bb global_colors_info=\u00a0\u00bb{}\u00a0\u00bb]<\/p>\n<h2>Seitenstapler mieten f\u00fcr <br \/>Langguttransport ab 4 Tonnen<\/h2>\n<p>[\/et_pb_text][et_pb_text _builder_version=\u00a0\u00bb4.20.2&Prime; _module_preset=\u00a0\u00bbdefault\u00a0\u00bb header_3_text_align=\u00a0\u00bbcenter\u00a0\u00bb text_orientation=\u00a0\u00bbcenter\u00a0\u00bb width=\u00a0\u00bb600px\u00a0\u00bb module_alignment=\u00a0\u00bbcenter\u00a0\u00bb animation_style=\u00a0\u00bbfade\u00a0\u00bb animation_delay=\u00a0\u00bb300ms\u00a0\u00bb global_colors_info=\u00a0\u00bb{}\u00a0\u00bb]<\/p>\n<p>Ob im Inneneinsatz oder im Au\u00dfenbereich, auf Baustellen oder in Hallen: beim Transport sperriger Materialien sichert ein BULMOR eine schnell verf\u00fcgbare und kosteng\u00fcnstige Logistikl\u00f6sung.<\/p>\n<p>[\/et_pb_text][et_pb_button button_url=\u00a0\u00bbhttps:\/\/www.bulmor-rent.com\/\u00a0\u00bb url_new_window=\u00a0\u00bbon\u00a0\u00bb button_text=\u00a0\u00bbbulmor-rent.com\u00a0\u00bb button_alignment=\u00a0\u00bbcenter\u00a0\u00bb _builder_version=\u00a0\u00bb4.20.2&Prime; _module_preset=\u00a0\u00bbdefault\u00a0\u00bb global_colors_info=\u00a0\u00bb{}\u00a0\u00bb][\/et_pb_button][\/et_pb_column][\/et_pb_row][\/et_pb_section][et_pb_section fb_built=\u00a0\u00bb1&Prime; _builder_version=\u00a0\u00bb4.16&Prime; _module_preset=\u00a0\u00bbdefault\u00a0\u00bb custom_padding=\u00a0\u00bb||||false|false\u00a0\u00bb global_colors_info=\u00a0\u00bb{}\u00a0\u00bb][et_pb_row _builder_version=\u00a0\u00bb4.19.0&Prime; _module_preset=\u00a0\u00bbdefault\u00a0\u00bb custom_margin=\u00a0\u00bb100px||75px||false|false\u00a0\u00bb global_colors_info=\u00a0\u00bb{}\u00a0\u00bb][et_pb_column type=\u00a0\u00bb4_4&Prime; _builder_version=\u00a0\u00bb4.16&Prime; _module_preset=\u00a0\u00bbdefault\u00a0\u00bb global_colors_info=\u00a0\u00bb{}\u00a0\u00bb][et_pb_text _builder_version=\u00a0\u00bb4.20.2&Prime; _module_preset=\u00a0\u00bbdefault\u00a0\u00bb text_orientation=\u00a0\u00bbcenter\u00a0\u00bb custom_padding=\u00a0\u00bb||30px||false|false\u00a0\u00bb global_colors_info=\u00a0\u00bb{}\u00a0\u00bb]<\/p>\n<h2>Gebraucht-Seitenstapler<\/h2>\n<p>[\/et_pb_text][et_pb_code _builder_version=\u00a0\u00bb4.19.0&Prime; _module_preset=\u00a0\u00bbdefault\u00a0\u00bb global_colors_info=\u00a0\u00bb{}\u00a0\u00bb]<div class=\"et_pb_row_wak\">\n\t\t\t<div class=\"grid_col4\">\n\t\t\t\t<div class=\"wak_forklift_item\" data-link=\"\/produkte\/gebrauchtstapler\/gebrauchtstapler-details\/?forkliftid=13\">\n\t\t\t\t\t<div class=\"wak-forklift_image\" style=\"background-image:url('https:\/\/forkliftcdn.com\/stapimages\/45689_4869807-1.jpg');\"><\/div>\n\t\t\t\t\t<div class=\"wak_forklift_item_content\">\n\t\t\t\t\t\t<div class=\"wak_forklift_name\"><h2>Bulmor<\/strong><br \/>JDQ80-14-50V<\/h2><\/div>\n\t\t\t\t\t\t<div class=\"wak_forklift_capacity\">Traglast: 8000 kg<\/div>\n\t\t\t\t\t\t<div class=\"wak_forklift_height\">Hubh\u00f6he: 5000 mm<\/div>\n\t\t\t\t\t\t<div class=\"wak_forklift_jear\">Baujahr: 2012<\/div>\n\t\t\t\t\t\t<div class=\"wak_forklift_price\">Preis: 18000.00 \u20ac<\/div>\n\t\t\t\t\t<\/div>\n\t\t\t\t<\/div>\n\t\t\t<\/div>   \n\t\t\n\t\t\t<div class=\"grid_col4\">\n\t\t\t\t<div class=\"wak_forklift_item\" data-link=\"\/produkte\/gebrauchtstapler\/gebrauchtstapler-details\/?forkliftid=12\">\n\t\t\t\t\t<div class=\"wak-forklift_image\" style=\"background-image:url('https:\/\/forkliftcdn.com\/stapimages\/45689_4792772-2.jpg');\"><\/div>\n\t\t\t\t\t<div class=\"wak_forklift_item_content\">\n\t\t\t\t\t\t<div class=\"wak_forklift_name\"><h2>Manitou<\/strong><br \/>M150D<\/h2><\/div>\n\t\t\t\t\t\t<div class=\"wak_forklift_capacity\">Traglast: 5000 kg<\/div>\n\t\t\t\t\t\t<div class=\"wak_forklift_height\">Hubh\u00f6he: 5000 mm<\/div>\n\t\t\t\t\t\t<div class=\"wak_forklift_jear\">Baujahr: 2019<\/div>\n\t\t\t\t\t\t<div class=\"wak_forklift_price\">Preis: 38000.00 \u20ac<\/div>\n\t\t\t\t\t<\/div>\n\t\t\t\t<\/div>\n\t\t\t<\/div>   \n\t\t\n\t\t\t<div class=\"grid_col4\">\n\t\t\t\t<div class=\"wak_forklift_item\" data-link=\"\/produkte\/gebrauchtstapler\/gebrauchtstapler-details\/?forkliftid=10\">\n\t\t\t\t\t<div class=\"wak-forklift_image\" style=\"background-image:url('https:\/\/forkliftcdn.com\/stapimages\/45689_4780487-5.jpg');\"><\/div>\n\t\t\t\t\t<div class=\"wak_forklift_item_content\">\n\t\t\t\t\t\t<div class=\"wak_forklift_name\"><h2>Bulmor<\/strong><br \/>EQc40-12-65T<\/h2><\/div>\n\t\t\t\t\t\t<div class=\"wak_forklift_capacity\">Traglast: 4000 kg<\/div>\n\t\t\t\t\t\t<div class=\"wak_forklift_height\">Hubh\u00f6he: 6500 mm<\/div>\n\t\t\t\t\t\t<div class=\"wak_forklift_jear\">Baujahr: 2022<\/div>\n\t\t\t\t\t\t<div class=\"wak_forklift_price\">Preis: 85000.00 \u20ac<\/div>\n\t\t\t\t\t<\/div>\n\t\t\t\t<\/div>\n\t\t\t<\/div>   \n\t\t\n\t\t\t<div class=\"grid_col4\">\n\t\t\t\t<div class=\"wak_forklift_item\" data-link=\"\/produkte\/gebrauchtstapler\/gebrauchtstapler-details\/?forkliftid=9\">\n\t\t\t\t\t<div class=\"wak-forklift_image\" style=\"background-image:url('https:\/\/forkliftcdn.com\/stapimages\/45689_4643583-1.jpg');\"><\/div>\n\t\t\t\t\t<div class=\"wak_forklift_item_content\">\n\t\t\t\t\t\t<div class=\"wak_forklift_name\"><h2>Bulmor<\/strong><br \/>EQn50-14-41<\/h2><\/div>\n\t\t\t\t\t\t<div class=\"wak_forklift_capacity\">Traglast: 5000 kg<\/div>\n\t\t\t\t\t\t<div class=\"wak_forklift_height\">Hubh\u00f6he: 4100 mm<\/div>\n\t\t\t\t\t\t<div class=\"wak_forklift_jear\">Baujahr: 2016<\/div>\n\t\t\t\t\t\t<div class=\"wak_forklift_price\">Preis: 63000.00 \u20ac<\/div>\n\t\t\t\t\t<\/div>\n\t\t\t\t<\/div>\n\t\t\t<\/div>   \n\t\t\n\t\t\t<div class=\"grid_col4\">\n\t\t\t\t<div class=\"wak_forklift_item\" data-link=\"\/produkte\/gebrauchtstapler\/gebrauchtstapler-details\/?forkliftid=8\">\n\t\t\t\t\t<div class=\"wak-forklift_image\" style=\"background-image:url('https:\/\/forkliftcdn.com\/stapimages\/45689_4605997-1.jpg');\"><\/div>\n\t\t\t\t\t<div class=\"wak_forklift_item_content\">\n\t\t\t\t\t\t<div class=\"wak_forklift_name\"><h2>Bulmor<\/strong><br \/>EQ70-12-35V<\/h2><\/div>\n\t\t\t\t\t\t<div class=\"wak_forklift_capacity\">Traglast: 6000 kg<\/div>\n\t\t\t\t\t\t<div class=\"wak_forklift_height\">Hubh\u00f6he: 3500 mm<\/div>\n\t\t\t\t\t\t<div class=\"wak_forklift_jear\">Baujahr: 2022<\/div>\n\t\t\t\t\t\t<div class=\"wak_forklift_price\">Preis: 140000.00 \u20ac<\/div>\n\t\t\t\t\t<\/div>\n\t\t\t\t<\/div>\n\t\t\t<\/div>   \n\t\t\n\t\t\t<div class=\"grid_col4\">\n\t\t\t\t<div class=\"wak_forklift_item\" data-link=\"\/produkte\/gebrauchtstapler\/gebrauchtstapler-details\/?forkliftid=7\">\n\t\t\t\t\t<div class=\"wak-forklift_image\" style=\"background-image:url('https:\/\/forkliftcdn.com\/stapimages\/45689_4471475-1.jpg');\"><\/div>\n\t\t\t\t\t<div class=\"wak_forklift_item_content\">\n\t\t\t\t\t\t<div class=\"wak_forklift_name\"><h2>Bulmor<\/strong><br \/>JEQ70-14-50<\/h2><\/div>\n\t\t\t\t\t\t<div class=\"wak_forklift_capacity\">Traglast: 7000 kg<\/div>\n\t\t\t\t\t\t<div class=\"wak_forklift_height\">Hubh\u00f6he: 5000 mm<\/div>\n\t\t\t\t\t\t<div class=\"wak_forklift_jear\">Baujahr: 2011<\/div>\n\t\t\t\t\t\t<div class=\"wak_forklift_price\">Preis: 79000.00 \u20ac<\/div>\n\t\t\t\t\t<\/div>\n\t\t\t\t<\/div>\n\t\t\t<\/div>   \n\t\t\n\t\t\t<div class=\"grid_col4\">\n\t\t\t\t<div class=\"wak_forklift_item\" data-link=\"\/produkte\/gebrauchtstapler\/gebrauchtstapler-details\/?forkliftid=6\">\n\t\t\t\t\t<div class=\"wak-forklift_image\" style=\"background-image:url('https:\/\/forkliftcdn.com\/stapimages\/45689_4373638-1.jpg');\"><\/div>\n\t\t\t\t\t<div class=\"wak_forklift_item_content\">\n\t\t\t\t\t\t<div class=\"wak_forklift_name\"><h2>Bulmor<\/strong><br \/>EQ60-14-60T G01<\/h2><\/div>\n\t\t\t\t\t\t<div class=\"wak_forklift_capacity\">Traglast: 6000 kg<\/div>\n\t\t\t\t\t\t<div class=\"wak_forklift_height\">Hubh\u00f6he: 6000 mm<\/div>\n\t\t\t\t\t\t<div class=\"wak_forklift_jear\">Baujahr: 2024<\/div>\n\t\t\t\t\t\t<div class=\"wak_forklift_price\">Preis: 0.00 \u20ac<\/div>\n\t\t\t\t\t<\/div>\n\t\t\t\t<\/div>\n\t\t\t<\/div>   \n\t\t\n\t\t\t<div class=\"grid_col4\">\n\t\t\t\t<div class=\"wak_forklift_item\" data-link=\"\/produkte\/gebrauchtstapler\/gebrauchtstapler-details\/?forkliftid=5\">\n\t\t\t\t\t<div class=\"wak-forklift_image\" style=\"background-image:url('https:\/\/forkliftcdn.com\/stapimages\/45689_4364370-1.jpg');\"><\/div>\n\t\t\t\t\t<div class=\"wak_forklift_item_content\">\n\t\t\t\t\t\t<div class=\"wak_forklift_name\"><h2>Jumbo<\/strong><br \/>JDQ60-12-45<\/h2><\/div>\n\t\t\t\t\t\t<div class=\"wak_forklift_capacity\">Traglast: 6000 kg<\/div>\n\t\t\t\t\t\t<div class=\"wak_forklift_height\">Hubh\u00f6he: 4500 mm<\/div>\n\t\t\t\t\t\t<div class=\"wak_forklift_jear\">Baujahr: 2013<\/div>\n\t\t\t\t\t\t<div class=\"wak_forklift_price\">Preis: 38000.00 \u20ac<\/div>\n\t\t\t\t\t<\/div>\n\t\t\t\t<\/div>\n\t\t\t<\/div>   \n\t\t\n\t\t\t<div class=\"grid_col4\">\n\t\t\t\t<div class=\"wak_forklift_item\" data-link=\"\/produkte\/gebrauchtstapler\/gebrauchtstapler-details\/?forkliftid=4\">\n\t\t\t\t\t<div class=\"wak-forklift_image\" style=\"background-image:url('https:\/\/forkliftcdn.com\/stapimages\/45689_4120689-2.jpg');\"><\/div>\n\t\t\t\t\t<div class=\"wak_forklift_item_content\">\n\t\t\t\t\t\t<div class=\"wak_forklift_name\"><h2>Jumbo<\/strong><br \/>JDQ80-14-50<\/h2><\/div>\n\t\t\t\t\t\t<div class=\"wak_forklift_capacity\">Traglast: 8000 kg<\/div>\n\t\t\t\t\t\t<div class=\"wak_forklift_height\">Hubh\u00f6he: 5000 mm<\/div>\n\t\t\t\t\t\t<div class=\"wak_forklift_jear\">Baujahr: 2006<\/div>\n\t\t\t\t\t\t<div class=\"wak_forklift_price\">Preis: 45000.00 \u20ac<\/div>\n\t\t\t\t\t<\/div>\n\t\t\t\t<\/div>\n\t\t\t<\/div>   \n\t\t\n\t\t\t<div class=\"grid_col4\">\n\t\t\t\t<div class=\"wak_forklift_item\" data-link=\"\/produkte\/gebrauchtstapler\/gebrauchtstapler-details\/?forkliftid=3\">\n\t\t\t\t\t<div class=\"wak-forklift_image\" style=\"background-image:url('https:\/\/forkliftcdn.com\/stapimages\/45689_4002146-3.jpg');\"><\/div>\n\t\t\t\t\t<div class=\"wak_forklift_item_content\">\n\t\t\t\t\t\t<div class=\"wak_forklift_name\"><h2>Bulmor<\/strong><br \/>BMS60-20-75T<\/h2><\/div>\n\t\t\t\t\t\t<div class=\"wak_forklift_capacity\">Traglast: 5500 kg<\/div>\n\t\t\t\t\t\t<div class=\"wak_forklift_height\">Hubh\u00f6he: 7500 mm<\/div>\n\t\t\t\t\t\t<div class=\"wak_forklift_jear\">Baujahr: 2016<\/div>\n\t\t\t\t\t\t<div class=\"wak_forklift_price\">Preis: 115000.00 \u20ac<\/div>\n\t\t\t\t\t<\/div>\n\t\t\t\t<\/div>\n\t\t\t<\/div>   \n\t\t\n\t\t\t<div class=\"grid_col4\">\n\t\t\t\t<div class=\"wak_forklift_item\" data-link=\"\/produkte\/gebrauchtstapler\/gebrauchtstapler-details\/?forkliftid=1\">\n\t\t\t\t\t<div class=\"wak-forklift_image\" style=\"background-image:url('https:\/\/forkliftcdn.com\/stapimages\/45689_3841098-1.jpg');\"><\/div>\n\t\t\t\t\t<div class=\"wak_forklift_item_content\">\n\t\t\t\t\t\t<div class=\"wak_forklift_name\"><h2>Bendi<\/strong><br \/>B40AC-CE<\/h2><\/div>\n\t\t\t\t\t\t<div class=\"wak_forklift_capacity\">Traglast: 1818 kg<\/div>\n\t\t\t\t\t\t<div class=\"wak_forklift_height\">Hubh\u00f6he: 5000 mm<\/div>\n\t\t\t\t\t\t<div class=\"wak_forklift_jear\">Baujahr: 2016<\/div>\n\t\t\t\t\t\t<div class=\"wak_forklift_price\">Preis: 23000.00 \u20ac<\/div>\n\t\t\t\t\t<\/div>\n\t\t\t\t<\/div>\n\t\t\t<\/div>   \n\t\t   \n\t\t<!--<div class=\"grid_col4\">\n\t\t\t<div class=\"wak_forklift_item\">\n\t\t\t\t<div class=\"wak-forklift_image\" style=\"background-image:url(\/wp-content\/themes\/Divi-Child-Theme\/img\/gebrauchtmaschinen_haendler.jpg);\"><\/div>\n\t\t\t<\/div>\n\t\t<\/div> -->    \n\t\t<div class=\"grid_last_more_products\">\n\t\t\t<div class=\"et_pb_button_module_wrapper et_pb_module\">\n\t\t\t\t<a class=\"et_pb_button\" target=\"_blank\" href=\"https:\/\/www.forklift-international.com\/de\/e\/Bulmor+industries+GmbH-59913mfg\">Zu unserem H\u00e4ndler-Gebrauchtstaplern<\/a>\n\t\t\t<\/div>\n\t\t<\/div>\n\t<\/div>[\/et_pb_code][\/et_pb_column][\/et_pb_row][\/et_pb_section]<\/p>\n","protected":false},"excerpt":{"rendered":"<p>\u00a0APER\u00c7U DE NOS CHARIOTS D\u2019OCCASION Seitenstapler mieten f\u00fcr Langguttransport ab 4 TonnenOb im Inneneinsatz oder im Au\u00dfenbereich, auf Baustellen oder in Hallen: beim Transport sperriger Materialien sichert ein BULMOR eine schnell verf\u00fcgbare und kosteng\u00fcnstige Logistikl\u00f6sung.Gebraucht-Seitenstapler[wak-forklifts]<\/p>\n","protected":false},"author":5,"featured_media":0,"parent":2265,"menu_order":0,"comment_status":"closed","ping_status":"closed","template":"","meta":{"_acf_changed":false,"_et_pb_use_builder":"on","_et_pb_old_content":"","_et_gb_content_width":"","inline_featured_image":false,"footnotes":""},"class_list":["post-2267","page","type-page","status-publish","hentry"],"acf":[],"yoast_head":"<!-- This site is optimized with the Yoast SEO plugin v25.4 - https:\/\/yoast.com\/wordpress\/plugins\/seo\/ -->\n<title>Chariots \u00e9l\u00e9vateurs d&#039;occasion - Bulmor industries GmbH<\/title>\n<meta name=\"robots\" content=\"index, follow, max-snippet:-1, max-image-preview:large, max-video-preview:-1\" \/>\n<link rel=\"canonical\" href=\"https:\/\/konfigurator.krichbaumer.co.at\/fr\/produits\/chariots-elevateurs-doccasion\/\" \/>\n<meta property=\"og:locale\" content=\"fr_FR\" \/>\n<meta property=\"og:type\" content=\"article\" \/>\n<meta property=\"og:title\" content=\"Chariots \u00e9l\u00e9vateurs d&#039;occasion - Bulmor industries GmbH\" \/>\n<meta property=\"og:description\" content=\"\u00a0APER\u00c7U DE NOS CHARIOTS D\u2019OCCASION Seitenstapler mieten f\u00fcr Langguttransport ab 4 TonnenOb im Inneneinsatz oder im Au\u00dfenbereich, auf Baustellen oder in Hallen: beim Transport sperriger Materialien sichert ein BULMOR eine schnell verf\u00fcgbare und kosteng\u00fcnstige Logistikl\u00f6sung.Gebraucht-Seitenstapler[wak-forklifts]\" \/>\n<meta property=\"og:url\" content=\"https:\/\/konfigurator.krichbaumer.co.at\/fr\/produits\/chariots-elevateurs-doccasion\/\" \/>\n<meta property=\"og:site_name\" content=\"Bulmor industries GmbH\" \/>\n<meta property=\"article:publisher\" content=\"https:\/\/www.facebook.com\/bulmorseitenstapler\/\" \/>\n<meta property=\"article:modified_time\" content=\"2023-10-12T11:30:31+00:00\" \/>\n<meta name=\"twitter:card\" content=\"summary_large_image\" \/>\n<meta name=\"twitter:label1\" content=\"Dur\u00e9e de lecture estim\u00e9e\" \/>\n\t<meta name=\"twitter:data1\" content=\"1 minute\" \/>\n<script type=\"application\/ld+json\" class=\"yoast-schema-graph\">{\"@context\":\"https:\/\/schema.org\",\"@graph\":[{\"@type\":\"WebPage\",\"@id\":\"https:\/\/konfigurator.krichbaumer.co.at\/fr\/produits\/chariots-elevateurs-doccasion\/\",\"url\":\"https:\/\/konfigurator.krichbaumer.co.at\/fr\/produits\/chariots-elevateurs-doccasion\/\",\"name\":\"Chariots \u00e9l\u00e9vateurs d'occasion - Bulmor industries GmbH\",\"isPartOf\":{\"@id\":\"https:\/\/konfigurator.krichbaumer.co.at\/fr\/#website\"},\"datePublished\":\"2022-12-06T08:57:42+00:00\",\"dateModified\":\"2023-10-12T11:30:31+00:00\",\"breadcrumb\":{\"@id\":\"https:\/\/konfigurator.krichbaumer.co.at\/fr\/produits\/chariots-elevateurs-doccasion\/#breadcrumb\"},\"inLanguage\":\"fr-FR\",\"potentialAction\":[{\"@type\":\"ReadAction\",\"target\":[\"https:\/\/konfigurator.krichbaumer.co.at\/fr\/produits\/chariots-elevateurs-doccasion\/\"]}]},{\"@type\":\"BreadcrumbList\",\"@id\":\"https:\/\/konfigurator.krichbaumer.co.at\/fr\/produits\/chariots-elevateurs-doccasion\/#breadcrumb\",\"itemListElement\":[{\"@type\":\"ListItem\",\"position\":1,\"name\":\"Startseite\",\"item\":\"https:\/\/konfigurator.krichbaumer.co.at\/fr\/\"},{\"@type\":\"ListItem\",\"position\":2,\"name\":\"Produits\",\"item\":\"https:\/\/konfigurator.krichbaumer.co.at\/fr\/produits\/\"},{\"@type\":\"ListItem\",\"position\":3,\"name\":\"Chariots \u00e9l\u00e9vateurs d&rsquo;occasion\"}]},{\"@type\":\"WebSite\",\"@id\":\"https:\/\/konfigurator.krichbaumer.co.at\/fr\/#website\",\"url\":\"https:\/\/konfigurator.krichbaumer.co.at\/fr\/\",\"name\":\"Bulmor industries GmbH\",\"description\":\"\",\"publisher\":{\"@id\":\"https:\/\/konfigurator.krichbaumer.co.at\/fr\/#organization\"},\"potentialAction\":[{\"@type\":\"SearchAction\",\"target\":{\"@type\":\"EntryPoint\",\"urlTemplate\":\"https:\/\/konfigurator.krichbaumer.co.at\/fr\/?s={search_term_string}\"},\"query-input\":{\"@type\":\"PropertyValueSpecification\",\"valueRequired\":true,\"valueName\":\"search_term_string\"}}],\"inLanguage\":\"fr-FR\"},{\"@type\":\"Organization\",\"@id\":\"https:\/\/konfigurator.krichbaumer.co.at\/fr\/#organization\",\"name\":\"Bulmor industries GmbH\",\"url\":\"https:\/\/konfigurator.krichbaumer.co.at\/fr\/\",\"logo\":{\"@type\":\"ImageObject\",\"inLanguage\":\"fr-FR\",\"@id\":\"https:\/\/konfigurator.krichbaumer.co.at\/fr\/#\/schema\/logo\/image\/\",\"url\":\"https:\/\/www.bulmor.com\/wp-content\/uploads\/2023\/02\/logo.png\",\"contentUrl\":\"https:\/\/www.bulmor.com\/wp-content\/uploads\/2023\/02\/logo.png\",\"width\":416,\"height\":98,\"caption\":\"Bulmor industries GmbH\"},\"image\":{\"@id\":\"https:\/\/konfigurator.krichbaumer.co.at\/fr\/#\/schema\/logo\/image\/\"},\"sameAs\":[\"https:\/\/www.facebook.com\/bulmorseitenstapler\/\",\"https:\/\/www.linkedin.com\/company\/bulmor-industries-gmbh\/mycompany\/\",\"https:\/\/www.youtube.com\/channel\/UCefJ8LLmx7rUk3zc4NnGYAQ\"]}]}<\/script>\n<!-- \/ Yoast SEO plugin. -->","yoast_head_json":{"title":"Chariots \u00e9l\u00e9vateurs d'occasion - Bulmor industries GmbH","robots":{"index":"index","follow":"follow","max-snippet":"max-snippet:-1","max-image-preview":"max-image-preview:large","max-video-preview":"max-video-preview:-1"},"canonical":"https:\/\/konfigurator.krichbaumer.co.at\/fr\/produits\/chariots-elevateurs-doccasion\/","og_locale":"fr_FR","og_type":"article","og_title":"Chariots \u00e9l\u00e9vateurs d'occasion - Bulmor industries GmbH","og_description":"\u00a0APER\u00c7U DE NOS CHARIOTS D\u2019OCCASION Seitenstapler mieten f\u00fcr Langguttransport ab 4 TonnenOb im Inneneinsatz oder im Au\u00dfenbereich, auf Baustellen oder in Hallen: beim Transport sperriger Materialien sichert ein BULMOR eine schnell verf\u00fcgbare und kosteng\u00fcnstige Logistikl\u00f6sung.Gebraucht-Seitenstapler[wak-forklifts]","og_url":"https:\/\/konfigurator.krichbaumer.co.at\/fr\/produits\/chariots-elevateurs-doccasion\/","og_site_name":"Bulmor industries GmbH","article_publisher":"https:\/\/www.facebook.com\/bulmorseitenstapler\/","article_modified_time":"2023-10-12T11:30:31+00:00","twitter_card":"summary_large_image","twitter_misc":{"Dur\u00e9e de lecture estim\u00e9e":"1 minute"},"schema":{"@context":"https:\/\/schema.org","@graph":[{"@type":"WebPage","@id":"https:\/\/konfigurator.krichbaumer.co.at\/fr\/produits\/chariots-elevateurs-doccasion\/","url":"https:\/\/konfigurator.krichbaumer.co.at\/fr\/produits\/chariots-elevateurs-doccasion\/","name":"Chariots \u00e9l\u00e9vateurs d'occasion - Bulmor industries GmbH","isPartOf":{"@id":"https:\/\/konfigurator.krichbaumer.co.at\/fr\/#website"},"datePublished":"2022-12-06T08:57:42+00:00","dateModified":"2023-10-12T11:30:31+00:00","breadcrumb":{"@id":"https:\/\/konfigurator.krichbaumer.co.at\/fr\/produits\/chariots-elevateurs-doccasion\/#breadcrumb"},"inLanguage":"fr-FR","potentialAction":[{"@type":"ReadAction","target":["https:\/\/konfigurator.krichbaumer.co.at\/fr\/produits\/chariots-elevateurs-doccasion\/"]}]},{"@type":"BreadcrumbList","@id":"https:\/\/konfigurator.krichbaumer.co.at\/fr\/produits\/chariots-elevateurs-doccasion\/#breadcrumb","itemListElement":[{"@type":"ListItem","position":1,"name":"Startseite","item":"https:\/\/konfigurator.krichbaumer.co.at\/fr\/"},{"@type":"ListItem","position":2,"name":"Produits","item":"https:\/\/konfigurator.krichbaumer.co.at\/fr\/produits\/"},{"@type":"ListItem","position":3,"name":"Chariots \u00e9l\u00e9vateurs d&rsquo;occasion"}]},{"@type":"WebSite","@id":"https:\/\/konfigurator.krichbaumer.co.at\/fr\/#website","url":"https:\/\/konfigurator.krichbaumer.co.at\/fr\/","name":"Bulmor industries GmbH","description":"","publisher":{"@id":"https:\/\/konfigurator.krichbaumer.co.at\/fr\/#organization"},"potentialAction":[{"@type":"SearchAction","target":{"@type":"EntryPoint","urlTemplate":"https:\/\/konfigurator.krichbaumer.co.at\/fr\/?s={search_term_string}"},"query-input":{"@type":"PropertyValueSpecification","valueRequired":true,"valueName":"search_term_string"}}],"inLanguage":"fr-FR"},{"@type":"Organization","@id":"https:\/\/konfigurator.krichbaumer.co.at\/fr\/#organization","name":"Bulmor industries GmbH","url":"https:\/\/konfigurator.krichbaumer.co.at\/fr\/","logo":{"@type":"ImageObject","inLanguage":"fr-FR","@id":"https:\/\/konfigurator.krichbaumer.co.at\/fr\/#\/schema\/logo\/image\/","url":"https:\/\/www.bulmor.com\/wp-content\/uploads\/2023\/02\/logo.png","contentUrl":"https:\/\/www.bulmor.com\/wp-content\/uploads\/2023\/02\/logo.png","width":416,"height":98,"caption":"Bulmor industries GmbH"},"image":{"@id":"https:\/\/konfigurator.krichbaumer.co.at\/fr\/#\/schema\/logo\/image\/"},"sameAs":["https:\/\/www.facebook.com\/bulmorseitenstapler\/","https:\/\/www.linkedin.com\/company\/bulmor-industries-gmbh\/mycompany\/","https:\/\/www.youtube.com\/channel\/UCefJ8LLmx7rUk3zc4NnGYAQ"]}]}},"_links":{"self":[{"href":"https:\/\/konfigurator.krichbaumer.co.at\/fr\/wp-json\/wp\/v2\/pages\/2267","targetHints":{"allow":["GET"]}}],"collection":[{"href":"https:\/\/konfigurator.krichbaumer.co.at\/fr\/wp-json\/wp\/v2\/pages"}],"about":[{"href":"https:\/\/konfigurator.krichbaumer.co.at\/fr\/wp-json\/wp\/v2\/types\/page"}],"author":[{"embeddable":true,"href":"https:\/\/konfigurator.krichbaumer.co.at\/fr\/wp-json\/wp\/v2\/users\/5"}],"replies":[{"embeddable":true,"href":"https:\/\/konfigurator.krichbaumer.co.at\/fr\/wp-json\/wp\/v2\/comments?post=2267"}],"version-history":[{"count":5,"href":"https:\/\/konfigurator.krichbaumer.co.at\/fr\/wp-json\/wp\/v2\/pages\/2267\/revisions"}],"predecessor-version":[{"id":4173,"href":"https:\/\/konfigurator.krichbaumer.co.at\/fr\/wp-json\/wp\/v2\/pages\/2267\/revisions\/4173"}],"up":[{"embeddable":true,"href":"https:\/\/konfigurator.krichbaumer.co.at\/fr\/wp-json\/wp\/v2\/pages\/2265"}],"wp:attachment":[{"href":"https:\/\/konfigurator.krichbaumer.co.at\/fr\/wp-json\/wp\/v2\/media?parent=2267"}],"curies":[{"name":"wp","href":"https:\/\/api.w.org\/{rel}","templated":true}]}}